{"id":1092,"date":"2024-03-16T14:54:38","date_gmt":"2024-03-16T13:54:38","guid":{"rendered":"https:\/\/www.foerderkreis-schloss-buchenau.de\/?page_id=1092"},"modified":"2026-03-29T13:36:37","modified_gmt":"2026-03-29T11:36:37","slug":"nutzungskonzept","status":"publish","type":"page","link":"https:\/\/www.foerderkreis-schloss-buchenau.de\/?page_id=1092","title":{"rendered":"Nutzungskonzept"},"content":{"rendered":"\n<p>Anfang 2023 hat der F\u00f6rderkreis Schloss Buchenau e.V. mit der Unterst\u00fctzung von Lisa Sp\u00e4the (<a href=\"https:\/\/www.instagram.com\/agrat.studio\/\" target=\"_blank\" rel=\"noreferrer noopener\">out of the woods<\/a>) ein Nutzungskonzept erstellt, dass Sie hier als PDF Datei herunterladen k\u00f6nnen:<\/p>\n\n\n\n<div class=\"wp-block-buttons is-content-justification-center is-layout-flex wp-container-core-buttons-is-layout-5e6b19ed wp-block-buttons-is-layout-flex\">\n<div class=\"wp-block-button\"><a class=\"wp-block-button__link wp-element-button\" href=\"https:\/\/drive.google.com\/file\/d\/17oupaVqyE-UN8oCsz_BRJdGNOp03Vdzw\/view\" target=\"_blank\" rel=\"noreferrer noopener\">Download: Die Kult(ur)k\u00fcche Schloss Buchenau<\/a><\/div>\n<\/div>\n\n\n\n<hr class=\"wp-block-separator has-alpha-channel-opacity\"\/>\n\n\n\n<figure class=\"wp-block-image size-large\"><a href=\"https:\/\/drive.google.com\/file\/d\/17oupaVqyE-UN8oCsz_BRJdGNOp03Vdzw\/view\" target=\"_blank\" rel=\"noreferrer noopener\"><img loading=\"lazy\" decoding=\"async\" width=\"1024\" height=\"722\" src=\"https:\/\/www.foerderkreis-schloss-buchenau.de\/wp-content\/uploads\/2024\/07\/nutzungskonzept-1024x722.png\" alt=\"\" class=\"wp-image-1164\" srcset=\"https:\/\/www.foerderkreis-schloss-buchenau.de\/wp-content\/uploads\/2024\/07\/nutzungskonzept-1024x722.png 1024w, https:\/\/www.foerderkreis-schloss-buchenau.de\/wp-content\/uploads\/2024\/07\/nutzungskonzept-300x212.png 300w, https:\/\/www.foerderkreis-schloss-buchenau.de\/wp-content\/uploads\/2024\/07\/nutzungskonzept-768x542.png 768w, https:\/\/www.foerderkreis-schloss-buchenau.de\/wp-content\/uploads\/2024\/07\/nutzungskonzept.png 1341w\" sizes=\"auto, (max-width: 706px) 89vw, (max-width: 767px) 82vw, 740px\" \/><\/a><\/figure>\n\n\n\n<p><\/p>\n","protected":false},"excerpt":{"rendered":"<p>Anfang 2023 hat der F\u00f6rderkreis Schloss Buchenau e.V. mit der Unterst\u00fctzung von Lisa Sp\u00e4the (out of the woods) ein Nutzungskonzept erstellt, dass Sie hier als PDF Datei herunterladen k\u00f6nnen:<\/p>\n","protected":false},"author":3,"featured_media":0,"parent":0,"menu_order":0,"comment_status":"closed","ping_status":"closed","template":"","meta":{"footnotes":""},"class_list":["post-1092","page","type-page","status-publish","hentry"],"_links":{"self":[{"href":"https:\/\/www.foerderkreis-schloss-buchenau.de\/index.php?rest_route=\/wp\/v2\/pages\/1092","targetHints":{"allow":["GET"]}}],"collection":[{"href":"https:\/\/www.foerderkreis-schloss-buchenau.de\/index.php?rest_route=\/wp\/v2\/pages"}],"about":[{"href":"https:\/\/www.foerderkreis-schloss-buchenau.de\/index.php?rest_route=\/wp\/v2\/types\/page"}],"author":[{"embeddable":true,"href":"https:\/\/www.foerderkreis-schloss-buchenau.de\/index.php?rest_route=\/wp\/v2\/users\/3"}],"replies":[{"embeddable":true,"href":"https:\/\/www.foerderkreis-schloss-buchenau.de\/index.php?rest_route=%2Fwp%2Fv2%2Fcomments&post=1092"}],"version-history":[{"count":8,"href":"https:\/\/www.foerderkreis-schloss-buchenau.de\/index.php?rest_route=\/wp\/v2\/pages\/1092\/revisions"}],"predecessor-version":[{"id":1491,"href":"https:\/\/www.foerderkreis-schloss-buchenau.de\/index.php?rest_route=\/wp\/v2\/pages\/1092\/revisions\/1491"}],"wp:attachment":[{"href":"https:\/\/www.foerderkreis-schloss-buchenau.de\/index.php?rest_route=%2Fwp%2Fv2%2Fmedia&parent=1092"}],"curies":[{"name":"wp","href":"https:\/\/api.w.org\/{rel}","templated":true}]}}