{"id":1343,"date":"2025-08-24T20:45:11","date_gmt":"2025-08-24T18:45:11","guid":{"rendered":"https:\/\/www.foerderkreis-schloss-buchenau.de\/?page_id=1343"},"modified":"2026-03-29T13:29:28","modified_gmt":"2026-03-29T11:29:28","slug":"renovierung","status":"publish","type":"page","link":"https:\/\/www.foerderkreis-schloss-buchenau.de\/?page_id=1343","title":{"rendered":"Renovierung"},"content":{"rendered":"\n<h2 class=\"wp-block-heading\">Aktuelles<\/h2>\n\n\n<ul class=\"wp-block-latest-posts__list has-dates wp-block-latest-posts\"><li><a class=\"wp-block-latest-posts__post-title\" href=\"https:\/\/www.foerderkreis-schloss-buchenau.de\/?p=1447\">MDL Martin Behringer unterst\u00fctzt uns: 125 000 \u20ac F\u00f6rderung aus der Fraktionsinitiative der FW.<\/a><time datetime=\"2026-03-16T21:34:43+01:00\" class=\"wp-block-latest-posts__post-date\">16. M\u00e4rz 2026<\/time><\/li>\n<\/ul>\n\n\n<hr class=\"wp-block-separator has-alpha-channel-opacity\"\/>\n\n\n\n<h2 class=\"wp-block-heading\">Warum renovieren wir?<\/h2>\n\n\n\n<p>Im Laufe der letzten Jahre wurde immer deutlicher, dass schon aus Gr\u00fcnden der Substanzerhaltung eine umfangreiche Sanierung zumindest des Schlosses und des Nebenhauses unumg\u00e4nglich sein w\u00fcrde. In diesem Zusammenhang erfolgte dann eine grundlegende Diskussion \u00fcber den weiteren Weg des Anwesens und die Rolle, die der F\u00f6rderkreis dabei spielen kann. Es sch\u00e4lten sich drei zentrale Themen heraus, die dem Schloss Buchenau den Weg in die Zukunft er\u00f6ffnen sollen:<\/p>\n\n\n\n<p>Die bauliche Sanierung von Schloss, Nebenhaus und Palmenhaus. Die Erstellung und Umsetzung eines Nutzungskonzeptes, um dem Anwesen eine langfristige, sichere finanzielle Basis zu schaffen. Die Erweiterung und Verj\u00fcngung des F\u00f6rderkreises.<\/p>\n\n\n\n<h2 class=\"wp-block-heading\">Bauliche Ma\u00dfnahmen.<\/h2>\n\n\n\n<p>Neben den umfangreichen Ma\u00dfnahmen zur Substanzerhaltung der Innen- und Au\u00dfenschale kommen im Schloss eine R\u00fcckf\u00fchrung einzelner R\u00e4ume in den historischen Zustand und geringere Ver\u00e4nderungen zur Optimierung der Nutzung hinzu. Die Belastungen des Schlosses, vor allem des K\u00fcchenbereiches, sollen vermindert werden und es soll ein museums\u00e4hnlicher Status entstehen, falls irgend m\u00f6glich k\u00f6nnten einige Zimmer vollst\u00e4ndig in ein Museum umgewandelt werden. Dabei werden der erste Stock der \u00c4ra Poschinger, das Erdgescho\u00df der Zeit von Erna Horn gewidmet. Kontakte zur Landesstelle f\u00fcr nichtstaatliche Museen bestehen diesbez\u00fcglich bereits. Der Konzertsaal wird weiterhin f\u00fcr kulturelle Veranstaltungen genutzt werden. Im Nebenhaus stehen die intensivsten Umbauma\u00dfnahmen an. Neben substanzsichernden Arbeiten steht vor allem die Verlagerung von Strukturen aus dem Schloss, die f\u00fcr die k\u00fcnftige Nutzung notwendig sind, im Vordergrund. Es werden im Parterre eine auch f\u00fcr Kochkurse nutzbare K\u00fcche, eine Sp\u00fclk\u00fcche, ein Trockenlager und eine K\u00fchlung, Sanit\u00e4rr\u00e4ume f\u00fcr das Personal, Innentoiletten, eine auch von au\u00dfen begehbare, behindertengerechte Toilette, ein Verkostungsraum und ein kleiner Museumsshop entstehen, im ersten Stock drei kleine Appartements. In die Holzlege hinter dem Nebenhaus werden Toiletten f\u00fcr die Nutzung bei Au\u00dfenveranstaltungen integriert. Das Palmenhaus wird neben der weiterbestehenden Nutzung als Ausstellungsraum auch als Veranstaltungsort f\u00fcr Seminare dienen und entsprechend baulich gestaltet werden.<\/p>\n\n\n\n<h2 class=\"wp-block-heading\">Nutzungskonzept<\/h2>\n\n\n\n<p>Das <a href=\"https:\/\/www.foerderkreis-schloss-buchenau.de\/?page_id=1092\" data-type=\"page\" data-id=\"1092\">Nutzungskonzept <\/a>wird k\u00fcnftig auf drei S\u00e4ulen ruhen. Unser Kulturprogramm ist in der Region und dar\u00fcber hinaus bereits etabliert und hat uns erste Preise eingebracht. Es kann allenfalls noch qualitativ etwas verbessert werden, bleibt aber ein zentrales Angebot von Schloss Buchenau. Ankn\u00fcpfend an die \u00c4ra Erna Horn soll die Kulinarik k\u00fcnftig eine wesentliche Rolle spielen. Der Bereich der Gastronomie war bisher vor allem auf unser Angebot bei den gro\u00dfen M\u00e4rkten und Festen sowie in Pausen bei Konzerten beschr\u00e4nkt. Seit letztem Jahr ist das Kult(ur)caf\u00e9 hinzugekommen, ein von April bis September jeweils am ersten Wochenende im Monat ge\u00f6ffnetes Gartencaf\u00e9, das auf Anhieb wunderbar angenommen wurde und sich zu einem echten Aush\u00e4ngeschild entwickelt hat. Die Herstellung und der Verkauf von Produkten aus unserem Garten wie Pestos, Marmeladen, Chutneys und mit unserem B\u00e4rlauch verfeinerten Erzeugnissen sollen ausgebaut und durch Merchandising-Produkte sowie B\u00fccher von Erna Horn und anderen, zum Schloss passenden Autoren, erg\u00e4nzt werden. Als dritte S\u00e4ule soll ein Seminarbetrieb aufgebaut werden. Auch hier steht zwar die Kulinarik mit Kochkursen und vielleicht auch Gastspielen bekannterer K\u00f6che im Vordergrund, aber die Magie von Schloss und Garten, eingebettet in die wunderbare Natur des Nationalparks, stellen nat\u00fcrlich auch ein ideales Umfeld f\u00fcr Seminare zur Selbsterfahrung und Pers\u00f6nlichkeitsentwicklung dar. Die Appartements im Nebenhaus erm\u00f6glichen Teilnehmern von Wochen- oder Wochenendseminaren auch auf dem Gel\u00e4nde zu wohnen. Ein erstes Pilotprojekt dazu fand am letzten Juliwochenende statt und war sehr ermutigend. Das ausf\u00fchrliche Nutzungskonzept k\u00f6nnen Sie auf unserer Homepage www.foerderkreis-schloss-buchenau.de unter dem Men\u00fcpunkt \u201eDas Schloss\u201c nachlesen.<\/p>\n\n\n\n<p>Verj\u00fcngung und Erweiterung des F\u00f6rderkreises. Die Verj\u00fcngung und Erweiterung des F\u00f6rderkreises um junge Menschen, die Schloss Buchenau in die Zukunft tragen, wenn die jetzige Generation aus Altersgr\u00fcnden nach und nach Abtritt, stellt die wichtigste und auch schwierigste Aufgabe dar, vor der wir stehen. Dabei ist es sehr ermutigend, dass in den letzten ein bis zwei Jahren einige junge Menschen den Weg zu uns gefunden haben und vom Projekt begeistert sind. Drei von ihnen sind in zentralen Positionen aktiv: Bianka K\u00f6nig als Schatzmeisterin, Lisa Sp\u00e4the f\u00fcr den Aufbau des Seminarbetriebes und Martin Straub f\u00fcr die Betreuung unseres Parks, der in Zukunft eine ganz wesentliche Rolle bei der Nutzung des Anwesens spielen wird und bereits jetzt sich wieder dem ann\u00e4hert, was er einmal war: ein englischer Landschaftsgarten.<\/p>\n\n\n\n<h2 class=\"wp-block-heading\">Voruntersuchung.<\/h2>\n\n\n\n<p>Das Architekturb\u00fcro Feil aus Regensburg hat in den letzten 15 Monaten eine umfangreiche Voruntersuchung als Grundlage f\u00fcr die Sanierung und Umsetzung des Nutzungskonzeptes durchgef\u00fchrt. Es war eine spannende und sehr angenehme Zusammenarbeit. Die Ergebnisse des Vorprojektes wurden in den vorangegangenen Abschnitten dargestellt, wobei eine noch detailliertere Ausf\u00fchrung den Rahmen dieses Schreibens sprengen w\u00fcrde. Wichtig und noch nicht angesprochen sind die berechneten bzw. gesch\u00e4tzten Kosten:<\/p>\n\n\n\n<p>Bauabschnitt 1 (Nebenhaus, Holzlege) 1 810 000 \u20ac<br>Bauabschnitt 2 (Palmenhaus) 700 000 \u20ac<br>Bauabschnitt 3 (Schloss, Dach und Fassade) 1 814 500 \u20ac<br>Bauabschnitt 4 (Schloss, Innenr\u00e4ume) 2 473 000 \u20ac<\/p>\n\n\n\n<h2 class=\"wp-block-heading\">Finanzierung<\/h2>\n\n\n\n<p>Der F\u00f6rderkreis muss mindestens 10 % der Kosten als Eigenanteil tragen. Gelingt es nicht, die restlichen 90 % \u00fcber F\u00f6rdermittel des Bundes, des Landes und der EU zu finanzieren, ist das Projekt von vorneherein zum Scheitern verurteilt. Eine erste F\u00f6rderkonferenz mit den ma\u00dfgeblich Zust\u00e4ndigen des Landesamtes f\u00fcr Denkmalpflege, der Regierung von Niederbayern, des Bezirkes Niederbayern, Landrat Dr. Raith, B\u00fcrgermeister Lorenz und regionalen Touristikern fand bereits statt und hat uns vorsichtig optimistisch gestimmt. Dies vor allem, weil wir auch aus der Politik gro\u00dfes Wohlwollen und Unterst\u00fctzung erfahren. Eine Summe von 700 000 \u20ac, die durchaus auch noch erheblich h\u00f6her ausfallen kann, als Eigenanteil zu stemmen, zus\u00e4tzlich zur notwenigen Zwischenfinanzierung der Rechnungen bis zum Eintreffen der F\u00f6rdergelder, ist f\u00fcr einen kleinen Verein eine Herkulesaufgabe. Wir werden sehr viele Spenden brauchen und entsprechend im Gro\u00dfen und im Kleinen aktiv werden m\u00fcssen. Ein gro\u00dfes Vorbild f\u00fcr Klein- und Kleinstspenden ist diesbez\u00fcglich der Neubau des Falkensteinhauses, bei dem es den Unterst\u00fctzern gelungen ist, in der Bev\u00f6lkerung ein Gef\u00fchl der Verbundenheit mit einem Objekt zu erzeugen, das f\u00fcr die Region etwas Wichtiges, Sch\u00f6nes und Identit\u00e4tsstiftendes darstellt. Wir werden f\u00fcr jeden Euro dankbar sein. Nat\u00fcrlich werden wir auch Aktionen wie Benefizkonzerte und Kunstauktionen veranstalten und bei Stiftungen, Betrieben und privaten Sponsoren vorstellig werden.<\/p>\n\n\n\n<h2 class=\"wp-block-heading\">Ausblick.<\/h2>\n\n\n\n<p>N\u00e4chster Schritt wird die Erstellung eines F\u00f6rderkonzeptes sein. Gelingt es, die notwendigen F\u00f6rdermittel zu akquirieren, k\u00f6nnte 2026 Baubeginn sein. Die Bauzeit wird sich \u00fcber mehrere Jahre erstrecken. Wir werden in dieser Zeit den Betrieb weiterf\u00fchren und unsere Aktivit\u00e4ten auf die jeweils nicht betroffenen Bereiche des Anwesens verlagern.<\/p>\n","protected":false},"excerpt":{"rendered":"<p>Aktuelles Warum renovieren wir? Im Laufe der letzten Jahre wurde immer deutlicher, dass schon aus Gr\u00fcnden der Substanzerhaltung eine umfangreiche Sanierung zumindest des Schlosses und des Nebenhauses unumg\u00e4nglich sein w\u00fcrde. In diesem Zusammenhang erfolgte dann eine grundlegende Diskussion \u00fcber den weiteren Weg des Anwesens und die Rolle, die der F\u00f6rderkreis dabei spielen kann. Es sch\u00e4lten &hellip; <\/p>\n<p class=\"link-more\"><a href=\"https:\/\/www.foerderkreis-schloss-buchenau.de\/?page_id=1343\" class=\"more-link\"><span class=\"screen-reader-text\">\u201eRenovierung\u201c <\/span>weiterlesen<\/a><\/p>\n","protected":false},"author":3,"featured_media":0,"parent":0,"menu_order":0,"comment_status":"closed","ping_status":"closed","template":"","meta":{"footnotes":""},"class_list":["post-1343","page","type-page","status-publish","hentry"],"_links":{"self":[{"href":"https:\/\/www.foerderkreis-schloss-buchenau.de\/index.php?rest_route=\/wp\/v2\/pages\/1343","targetHints":{"allow":["GET"]}}],"collection":[{"href":"https:\/\/www.foerderkreis-schloss-buchenau.de\/index.php?rest_route=\/wp\/v2\/pages"}],"about":[{"href":"https:\/\/www.foerderkreis-schloss-buchenau.de\/index.php?rest_route=\/wp\/v2\/types\/page"}],"author":[{"embeddable":true,"href":"https:\/\/www.foerderkreis-schloss-buchenau.de\/index.php?rest_route=\/wp\/v2\/users\/3"}],"replies":[{"embeddable":true,"href":"https:\/\/www.foerderkreis-schloss-buchenau.de\/index.php?rest_route=%2Fwp%2Fv2%2Fcomments&post=1343"}],"version-history":[{"count":8,"href":"https:\/\/www.foerderkreis-schloss-buchenau.de\/index.php?rest_route=\/wp\/v2\/pages\/1343\/revisions"}],"predecessor-version":[{"id":1490,"href":"https:\/\/www.foerderkreis-schloss-buchenau.de\/index.php?rest_route=\/wp\/v2\/pages\/1343\/revisions\/1490"}],"wp:attachment":[{"href":"https:\/\/www.foerderkreis-schloss-buchenau.de\/index.php?rest_route=%2Fwp%2Fv2%2Fmedia&parent=1343"}],"curies":[{"name":"wp","href":"https:\/\/api.w.org\/{rel}","templated":true}]}}