{"id":22,"date":"2017-01-22T19:05:15","date_gmt":"2017-01-22T18:05:15","guid":{"rendered":"http:\/\/www.foerderkreis-schloss-buchenau.de\/?page_id=22"},"modified":"2021-02-27T14:56:21","modified_gmt":"2021-02-27T13:56:21","slug":"foerderkreis-schloss-buchenau-e-v","status":"publish","type":"page","link":"https:\/\/www.foerderkreis-schloss-buchenau.de\/","title":{"rendered":"F\u00f6rderkreis Schloss Buchenau e.V."},"content":{"rendered":"<p>Im F\u00f6rderkreis Schloss Buchenau e. V. haben sich im Jahre 2006 Menschen aus Buchenau und der n\u00e4heren Umgebung zusammengeschlossen, denen Erhalt und Weiterentwicklung des Anwesens mit seinem wilden Park und seiner ganz besonderen Geschichte und Atmosph\u00e4re am Herzen liegt. Zu diesem Zweck hat der F\u00f6rderkreis das Anwesen 2006 erworben.<\/p>\n\n\n<figure class=\"wp-block-embed is-type-video is-provider-youtube wp-block-embed-youtube wp-embed-aspect-16-9 wp-has-aspect-ratio\"><div class=\"wp-block-embed__wrapper\">\n<iframe loading=\"lazy\" title=\"Advent auf Schloss Buchenau\" width=\"525\" height=\"295\" src=\"https:\/\/www.youtube.com\/embed\/kOdO_L88kuE?feature=oembed\" frameborder=\"0\" allow=\"accelerometer; autoplay; clipboard-write; encrypted-media; gyroscope; picture-in-picture; web-share\" referrerpolicy=\"strict-origin-when-cross-origin\" allowfullscreen><\/iframe>\n<\/div><figcaption>Advent auf Schloss Buchenau<\/figcaption><\/figure>\n\n\n\n<hr class=\"wp-block-separator\"\/>\n\n\n\n<p><\/p>\n\n\n\n<figure class=\"wp-block-embed is-type-video is-provider-youtube wp-block-embed-youtube wp-embed-aspect-16-9 wp-has-aspect-ratio\"><div class=\"wp-block-embed__wrapper\">\n<iframe loading=\"lazy\" title=\"Virtuelles COVID-19 Benefizkonzert f\u00fcr Schloss Buchenau\" width=\"525\" height=\"295\" src=\"https:\/\/www.youtube.com\/embed\/4JxHePm8834?feature=oembed\" frameborder=\"0\" allow=\"accelerometer; autoplay; clipboard-write; encrypted-media; gyroscope; picture-in-picture; web-share\" referrerpolicy=\"strict-origin-when-cross-origin\" allowfullscreen><\/iframe>\n<\/div><figcaption>Virtuelles COVID-19 Benefizkonzert f\u00fcr Schloss Buchenau<\/figcaption><\/figure>\n\n\n\n<p><\/p>\n","protected":false},"excerpt":{"rendered":"<p>Im F\u00f6rderkreis Schloss Buchenau e. V. haben sich im Jahre 2006 Menschen aus Buchenau und der n\u00e4heren Umgebung zusammengeschlossen, denen Erhalt und Weiterentwicklung des Anwesens mit seinem wilden Park und seiner ganz besonderen Geschichte und Atmosph\u00e4re am Herzen liegt. Zu diesem Zweck hat der F\u00f6rderkreis das Anwesen 2006 erworben.<\/p>\n","protected":false},"author":1,"featured_media":55,"parent":0,"menu_order":0,"comment_status":"closed","ping_status":"closed","template":"","meta":{"footnotes":""},"class_list":["post-22","page","type-page","status-publish","has-post-thumbnail","hentry"],"_links":{"self":[{"href":"https:\/\/www.foerderkreis-schloss-buchenau.de\/index.php?rest_route=\/wp\/v2\/pages\/22","targetHints":{"allow":["GET"]}}],"collection":[{"href":"https:\/\/www.foerderkreis-schloss-buchenau.de\/index.php?rest_route=\/wp\/v2\/pages"}],"about":[{"href":"https:\/\/www.foerderkreis-schloss-buchenau.de\/index.php?rest_route=\/wp\/v2\/types\/page"}],"author":[{"embeddable":true,"href":"https:\/\/www.foerderkreis-schloss-buchenau.de\/index.php?rest_route=\/wp\/v2\/users\/1"}],"replies":[{"embeddable":true,"href":"https:\/\/www.foerderkreis-schloss-buchenau.de\/index.php?rest_route=%2Fwp%2Fv2%2Fcomments&post=22"}],"version-history":[{"count":14,"href":"https:\/\/www.foerderkreis-schloss-buchenau.de\/index.php?rest_route=\/wp\/v2\/pages\/22\/revisions"}],"predecessor-version":[{"id":683,"href":"https:\/\/www.foerderkreis-schloss-buchenau.de\/index.php?rest_route=\/wp\/v2\/pages\/22\/revisions\/683"}],"wp:featuredmedia":[{"embeddable":true,"href":"https:\/\/www.foerderkreis-schloss-buchenau.de\/index.php?rest_route=\/wp\/v2\/media\/55"}],"wp:attachment":[{"href":"https:\/\/www.foerderkreis-schloss-buchenau.de\/index.php?rest_route=%2Fwp%2Fv2%2Fmedia&parent=22"}],"curies":[{"name":"wp","href":"https:\/\/api.w.org\/{rel}","templated":true}]}}