{"id":31,"date":"2017-01-22T19:09:46","date_gmt":"2017-01-22T18:09:46","guid":{"rendered":"http:\/\/www.foerderkreis-schloss-buchenau.de\/?page_id=31"},"modified":"2017-03-27T01:53:51","modified_gmt":"2017-03-26T23:53:51","slug":"kultur","status":"publish","type":"page","link":"https:\/\/www.foerderkreis-schloss-buchenau.de\/?page_id=31","title":{"rendered":"Kultur"},"content":{"rendered":"<p>Es dreht sich nicht alles nur um Glas. Aber ein Ort, an dem \u00fcber 300 Jahre Glas gemacht wurde, der mit seinem Jugendstilglas zu Weltgeltung kam und der mitten in einer Landschaft liegt, die ihre Entstehung dem Glas verdankt, sozial und kulturell von ihm gepr\u00e4gt wurde, verneigt sich nat\u00fcrlich vor diesem Werkstoff, insbesondere in der Zeit des Niederganges seiner handwerklichen Fertigung. Eine gro\u00dfe Glasausstellung im Festsaal des Schlosses ist jedes Jahr im Sommer f\u00fcr ein paar Wochen einem der gro\u00dfen Glask\u00fcnstler aus der Region gewidmet. Der verwunschene Schlossgarten ist manchmal auch ein Zaubergarten: von vielen bedeutenden heimischen Glask\u00fcnstlern sind Skulpturen zu entdecken und bieten einen Dialog an, sofern man sich nur Zeit nimmt und sich auf sie einl\u00e4sst.<\/p>\n<p>Ausstellungen im Palmenhaus finden ein- oder zweimal im Jahr statt: Gem\u00e4lde, Graphik, Skulpturen. Dieser Raum mit seinem milden Licht bildet f\u00fcr fast jede Stilrichtung einen idealen Rahmen. Diese Pr\u00e4sentationen sind still, famili\u00e4r, mit einer ganz besonderen Stimmung.<\/p>\n<p>Theater \u2013 eine ganz spezielle Angelegenheit: im Schloss ist eine eigene Theatertruppe beheimatet, die Schlosstheater-Compagnie. Gerhard und Verena Riffeser spielen jeden Sommer mit\u00a0 ihrem Ensemble aus anhaltend Theaterbegeisterten der ehemaligen Theatergruppe des Gymnasiums Zwiesel auf der Schlossterrasse. Das wei\u00df strahlende Schloss, ein d\u00e4mmernder Park, rauschende Bl\u00e4tter, Musik und Schauspieler in farbenpr\u00e4chtigen Kost\u00fcmen lassen das Publikum in eine andere, eine heitere Welt entschweben.<\/p>\n<p>Hausmusik im Schloss &#8211; Kammermusik drei oder viermal im Jahr sonntags um 17:00 Uhr im Festsaal oder ganz intim im Musikzimmer \u2013 wird vor allem f\u00fcr die Freunde und F\u00f6rderer aufgef\u00fchrt, ist aber offen f\u00fcr alle Musikfreunde. Lesungen, begleitet von Musik, klassisch oder Jazz, gelegentlich Kabarett, Jazz oder Blues f\u00fchren aus der Strenge der klassischen Musik heraus, die in Buchenau aber nie wirklich streng ist, eher heiter, entspannt, tolerant.<\/p>\n<p>Die Buchenauer Schlossweihnacht am Tag vor dem vierten Advent bildet im Kerzenschein des Saals einen stimmungsvollen Jahresabschluss mit Texten zum Nachdenken, Musik zum Weiterdenken und Augenblicken des M\u00e4rchenhaften und Verzauberten.<\/p>\n","protected":false},"excerpt":{"rendered":"<p>Es dreht sich nicht alles nur um Glas. Aber ein Ort, an dem \u00fcber 300 Jahre Glas gemacht wurde, der mit seinem Jugendstilglas zu Weltgeltung kam und der mitten in einer Landschaft liegt, die ihre Entstehung dem Glas verdankt, sozial und kulturell von ihm gepr\u00e4gt wurde, verneigt sich nat\u00fcrlich vor diesem Werkstoff, insbesondere in der &hellip; <\/p>\n<p class=\"link-more\"><a href=\"https:\/\/www.foerderkreis-schloss-buchenau.de\/?page_id=31\" class=\"more-link\"><span class=\"screen-reader-text\">\u201eKultur\u201c <\/span>weiterlesen<\/a><\/p>\n","protected":false},"author":1,"featured_media":0,"parent":29,"menu_order":0,"comment_status":"closed","ping_status":"closed","template":"","meta":{"footnotes":""},"class_list":["post-31","page","type-page","status-publish","hentry"],"_links":{"self":[{"href":"https:\/\/www.foerderkreis-schloss-buchenau.de\/index.php?rest_route=\/wp\/v2\/pages\/31","targetHints":{"allow":["GET"]}}],"collection":[{"href":"https:\/\/www.foerderkreis-schloss-buchenau.de\/index.php?rest_route=\/wp\/v2\/pages"}],"about":[{"href":"https:\/\/www.foerderkreis-schloss-buchenau.de\/index.php?rest_route=\/wp\/v2\/types\/page"}],"author":[{"embeddable":true,"href":"https:\/\/www.foerderkreis-schloss-buchenau.de\/index.php?rest_route=\/wp\/v2\/users\/1"}],"replies":[{"embeddable":true,"href":"https:\/\/www.foerderkreis-schloss-buchenau.de\/index.php?rest_route=%2Fwp%2Fv2%2Fcomments&post=31"}],"version-history":[{"count":2,"href":"https:\/\/www.foerderkreis-schloss-buchenau.de\/index.php?rest_route=\/wp\/v2\/pages\/31\/revisions"}],"predecessor-version":[{"id":152,"href":"https:\/\/www.foerderkreis-schloss-buchenau.de\/index.php?rest_route=\/wp\/v2\/pages\/31\/revisions\/152"}],"up":[{"embeddable":true,"href":"https:\/\/www.foerderkreis-schloss-buchenau.de\/index.php?rest_route=\/wp\/v2\/pages\/29"}],"wp:attachment":[{"href":"https:\/\/www.foerderkreis-schloss-buchenau.de\/index.php?rest_route=%2Fwp%2Fv2%2Fmedia&parent=31"}],"curies":[{"name":"wp","href":"https:\/\/api.w.org\/{rel}","templated":true}]}}