{"id":381,"date":"2019-02-27T06:39:54","date_gmt":"2019-02-27T05:39:54","guid":{"rendered":"https:\/\/www.foerderkreis-schloss-buchenau.de\/?page_id=381"},"modified":"2020-11-28T03:43:34","modified_gmt":"2020-11-28T02:43:34","slug":"schlossfuehrer","status":"publish","type":"page","link":"https:\/\/www.foerderkreis-schloss-buchenau.de\/?page_id=381","title":{"rendered":"Schlossf\u00fchrer"},"content":{"rendered":"\n<p>Der Schlossf\u00fchrer wurde im Rahmen eines P-Seminars im Schuljahr 2017\/19 von den Sch\u00fclern und Sch\u00fclerinnen der Oberstufe des Gymnasiums Zwiesel erstellt. Der Gesamttext des Schlossf\u00fchrers kann hier im PDF format heruntergeladen werden:<br><\/p>\n\n\n\n<div class=\"wp-block-file\"><a href=\"https:\/\/www.foerderkreis-schloss-buchenau.de\/wp-content\/uploads\/2019\/03\/Schlossfu\u0308hrer.pdf\">Schlossfu\u0308hrer<\/a><a href=\"https:\/\/www.foerderkreis-schloss-buchenau.de\/wp-content\/uploads\/2019\/03\/Schlossfu\u0308hrer.pdf\" class=\"wp-block-file__button\" download>Herunterladen<\/a><\/div>\n\n\n\n<p>Zus\u00e4tzlich zum Schlossf\u00fchrer in schriftlicher Form, erarbeiteten die Gruppen einzelne Videos um ihnen verschiedene Aspekte des Schlosses n\u00e4her zu bringen:<\/p>\n\n\n\n<ul class=\"wp-block-list\"><li><a href=\"#historie\">Historie<\/a><br><\/li><li><a href=\"#orangerie\">Die Orangerie, Auffahrt, Fassade<\/a><br><\/li><li><a href=\"#konzertsaal\">Der Konzertsaal<\/a><br><\/li><li><a href=\"#schlossgarten\">Der Buchenauer Schlossgarten<\/a><br><\/li><li><a href=\"#kunstwerke\">Die Kunstwerke im Garten<\/a><br><\/li><li><a href=\"#kegelbahn\">Die Kegelbahn<\/a><\/li><\/ul>\n\n\n\n<h4 class=\"wp-block-heading\" id=\"historie\">Historie<\/h4>\n\n\n\n<iframe loading=\"lazy\" src=\"https:\/\/drive.google.com\/file\/d\/1UoYeYmL98Ri_49Wgy37A7wDo8DPvQpBd\/preview\" width=\"640\" height=\"480\"><\/iframe>\n\n\n\n<h4 class=\"wp-block-heading\" id=\"orangerie\">Die Orangerie, Auffahrt und Fassade<\/h4>\n\n\n\n<iframe loading=\"lazy\" src=\"https:\/\/drive.google.com\/file\/d\/1FxP9UqLkvWqcjuhswtQyudOJQQJUoohX\/preview\" width=\"640\" height=\"480\"><\/iframe>\n\n\n\n<h4 class=\"wp-block-heading\" id=\"konzertsaal\">Der Konzertsaal<\/h4>\n\n\n\n<iframe loading=\"lazy\" src=\"https:\/\/drive.google.com\/file\/d\/1vrDb3K1oHMboqeKnHoMfCG7YzxTj0aog\/preview\" width=\"640\" height=\"480\"><\/iframe>\n\n\n\n<h4 class=\"wp-block-heading\" id=\"schlossgarten\">Der Buchenauer Schlossgarten<\/h4>\n\n\n\n<iframe loading=\"lazy\" src=\"https:\/\/drive.google.com\/file\/d\/1bGO4Mq-PJbXXGykVA772zNlbuuaUTIrs\/preview\" width=\"640\" height=\"480\"><\/iframe>\n\n\n\n<h4 class=\"wp-block-heading\" id=\"kunstwerke\">Die Kunstwerke im Garten<\/h4>\n\n\n\n<iframe loading=\"lazy\" src=\"https:\/\/drive.google.com\/file\/d\/13bXfmU51XFJKsmaBbUm2DIlEGEWcKFxG\/preview\" width=\"640\" height=\"480\"><\/iframe>\n\n\n\n<h4 class=\"wp-block-heading\" id=\"kegelbahn\">Die Kegelbahn<\/h4>\n\n\n\n<iframe loading=\"lazy\" src=\"https:\/\/drive.google.com\/file\/d\/123tZFMNhh6YCD9P21WVrGA85bMc8WQpE\/preview\" width=\"640\" height=\"480\"><\/iframe>\n\n\n\n<p><\/p>\n","protected":false},"excerpt":{"rendered":"<p>Der Schlossf\u00fchrer wurde im Rahmen eines P-Seminars im Schuljahr 2017\/19 von den Sch\u00fclern und Sch\u00fclerinnen der Oberstufe des Gymnasiums Zwiesel erstellt. Der Gesamttext des Schlossf\u00fchrers kann hier im PDF format heruntergeladen werden: Zus\u00e4tzlich zum Schlossf\u00fchrer in schriftlicher Form, erarbeiteten die Gruppen einzelne Videos um ihnen verschiedene Aspekte des Schlosses n\u00e4her zu bringen: Historie Die Orangerie, &hellip; <\/p>\n<p class=\"link-more\"><a href=\"https:\/\/www.foerderkreis-schloss-buchenau.de\/?page_id=381\" class=\"more-link\"><span class=\"screen-reader-text\">\u201eSchlossf\u00fchrer\u201c <\/span>weiterlesen<\/a><\/p>\n","protected":false},"author":3,"featured_media":0,"parent":38,"menu_order":0,"comment_status":"closed","ping_status":"closed","template":"","meta":{"footnotes":""},"class_list":["post-381","page","type-page","status-publish","hentry"],"_links":{"self":[{"href":"https:\/\/www.foerderkreis-schloss-buchenau.de\/index.php?rest_route=\/wp\/v2\/pages\/381","targetHints":{"allow":["GET"]}}],"collection":[{"href":"https:\/\/www.foerderkreis-schloss-buchenau.de\/index.php?rest_route=\/wp\/v2\/pages"}],"about":[{"href":"https:\/\/www.foerderkreis-schloss-buchenau.de\/index.php?rest_route=\/wp\/v2\/types\/page"}],"author":[{"embeddable":true,"href":"https:\/\/www.foerderkreis-schloss-buchenau.de\/index.php?rest_route=\/wp\/v2\/users\/3"}],"replies":[{"embeddable":true,"href":"https:\/\/www.foerderkreis-schloss-buchenau.de\/index.php?rest_route=%2Fwp%2Fv2%2Fcomments&post=381"}],"version-history":[{"count":17,"href":"https:\/\/www.foerderkreis-schloss-buchenau.de\/index.php?rest_route=\/wp\/v2\/pages\/381\/revisions"}],"predecessor-version":[{"id":618,"href":"https:\/\/www.foerderkreis-schloss-buchenau.de\/index.php?rest_route=\/wp\/v2\/pages\/381\/revisions\/618"}],"up":[{"embeddable":true,"href":"https:\/\/www.foerderkreis-schloss-buchenau.de\/index.php?rest_route=\/wp\/v2\/pages\/38"}],"wp:attachment":[{"href":"https:\/\/www.foerderkreis-schloss-buchenau.de\/index.php?rest_route=%2Fwp%2Fv2%2Fmedia&parent=381"}],"curies":[{"name":"wp","href":"https:\/\/api.w.org\/{rel}","templated":true}]}}